{"id":3,"date":"2024-07-16T12:35:21","date_gmt":"2024-07-16T12:35:21","guid":{"rendered":"https:\/\/nordhus.dk\/?page_id=3"},"modified":"2025-05-13T08:21:45","modified_gmt":"2025-05-13T08:21:45","slug":"cookie-og-privatlivspolitik","status":"publish","type":"page","link":"https:\/\/devnordhus.demo.supertusch.com\/en\/cookie-og-privatlivspolitik\/","title":{"rendered":"Cookie- og privatlivspolitik"},"content":{"rendered":"<div class=\"two-column-text-section\" style='background-color:rgb(255,255,255);' >\n\t<div class=\"container mx-auto add-spacing\">\n\t\t<div class=\"flex flex-col sm:gap-10 p-4 sm:p-10\">\n\t\t\t<div class=\"flex max-w-[668px]\">\n\t\t\t\t<h2 class=\"wp-block-heading !mb-0\" style='color:#000000;'>COOKIE- OG PRIVATLIVSPOLITIK<\/h2>\n\t\t\t<\/div>\n\t\t\t<div class=\"flex flex-col sm:flex-row items-end gap-10\">\n\t\t\t\t<div class=\"sm:basis-1\/2 flex flex-col justify-between\">\n\t\t\t\t\t<div class=\"wysiwyg\" style='color:#000000;'>\n\t\t\t\t\t\t<p>N\u00e5r du bes\u00f8ger vores hjemmeside, indsamler vi de data, som kan blive brugt til at tilpasse og forbedre indholdet p\u00e5 vores side og levere de services, som du har efterspurgt.<\/p>\n<p>FORM\u00c5L<br \/>\nDine almindelige kontaktoplysninger som navn og e-mail adresse indhenter vi for at kunne levere den ydelse, som du har \u00f8nsket, fx vores nyhedsbrev og sende ans\u00f8gninger.<\/p>\n<p>COOKIES<br \/>\nWebsitet anvender \u201dcookies\u201d, der er en tekstfil, som gemmes p\u00e5 din computer, mobil el. tilsvarende med det form\u00e5l at genkende den, huske indstillinger, udf\u00f8re statistik og m\u00e5lrette annoncer. Cookies kan ikke indeholde skadelig kode som f.eks. virus.<br \/>\nDet er muligt at slette eller blokere for cookies. Se vejledning her.<br \/>\nHvis du sletter eller blokerer cookies kan du risikere, at websitet ikke fungerer optimalt og at der er indhold, du ikke kan f\u00e5 adgang til.<br \/>\nWebsitet indeholder cookies fra tredjeparter, der i varierende omfang kan omfatte WordPress, Mailchimp, Google Analytics, Meta og Reqruiting.com.<\/p>\n<p><a class=\"medium cli-plugin-button cli-plugin-main-button cli_settings_button\" tabindex=\"0\" role=\"button\">Cookie-indstillinger<\/a><\/p>\n<p>INDLEJRET INDHOLD FRA ANDRE WEBSTEDER<br \/>\nArtikler p\u00e5 vores hjemmeside kan indeholde indlejret indhold (f.eks. videoer, billeder, artikler osv.). Indlejret indhold fra andre websteder opf\u00f8rer sig p\u00e5 n\u00f8jagtig samme m\u00e5de, som hvis den du bes\u00f8gte det andet websted.<br \/>\nDisse websteder indsamler m\u00e5ske data om dig, bruger cookies, indlejrer ekstra tredjeparts sporing, og overv\u00e5ger din interaktion med dette indlejrede indhold, heriblandt at spore din interaktion med indlejret indhold, hvis du har en konto og en logget ind p\u00e5 det websted.<\/p>\n<p>PERSONDATA OG INDSAMLEDE OPLYSNINGER<br \/>\nPersondata er alle slags informationer, der i et eller andet omfang kan henf\u00f8res til dig. N\u00e5r du benytter vores hjemmeside, indsamler og behandler vi en r\u00e6kke s\u00e5danne informationer. Det ser eksempelvis, du tilmelder dig vores nyhedsbrev eller sende ans\u00f8gninger.<br \/>\nVi indsamler og behandler typisk f\u00f8lgende oplysninger: Et unikt ID og tekniske oplysninger om din computer, tablet eller mobiltelefon, dit IP-nummer, din geografiske placering, samt hvilke sider du klikker p\u00e5. I det omfang du selv giver eksplicit samtykke hertil og selv indtaster informationerne behandles desuden: Navn og e-mail. Det vil typisk v\u00e6re i forbindelse med bes\u00f8g op vores hjemmeside, tilmelding af nyhedsbrev eller sender os sp\u00f8rgsm\u00e5l eller feedback.<\/p>\n<p>PERIODE FOR OPBEVARING<br \/>\nOplysningerne opbevares i det tidsrum, der er tilladt i henhold til lovgivningen, og vi sletter dem, n\u00e5r de ikke l\u00e6ngere er n\u00f8dvendige, eller du aktivt beder os om det. Perioden afh\u00e6nger af karakteren af oplysningen og baggrunden for opbevaring.<\/p>\n<p>VIDEREGIVELSE AF OPLYSNINGER<br \/>\nData om din brug af vores hjemmeside kan videregives til tredjeparter i det omfang disse oplysninger er kendt. Du kan se hvilke tredjeparter, der er tale om, i afsnittet om \u201dCookies\u201d.<br \/>\nVi benytter herudover en r\u00e6kke tredjeparter til opbevaring og behandling af data. Disse behandler udelukkende oplysninger p\u00e5 vores vegne og m\u00e5 ikke anvende dem til egne form\u00e5l. Videregivelse af personoplysninger som navn og e-mail m.v. vil kun ske, hvis du giver samtykke til det.<\/p>\n<p>SIKKERHED<br \/>\nVi har truffet tekniske og organisatoriske foranstaltninger mod, at dine oplysninger h\u00e6ndeligt eller ulovligt bliver slettet, offentliggjort, fortabt, forringet eller kommer til uvedkommendes kendskab, misbruges eller i \u00f8vrigt behandles i strid med lovgivningen.<\/p>\n<p>INDSIGT OG KLAGER<br \/>\nDu har ret til at f\u00e5 oplyst, hvilke personoplysninger, vi behandler om dig. Du kan desuden til enhver tid g\u00f8re indsigelse mod, at oplysninger anvendes. Du kan ogs\u00e5 tilbagekalde dit samtykke til, at der bliver behandlet oplysninger om dig. Hvis de oplysninger, der behandles om dig, er forkerte har du ret til, at de bliver rettet eller slettet. Henvendelse herom kan ske til: hej@nordhus.dk<br \/>\nHvis du vil klage over vores behandling af dine personoplysninger, har du ogs\u00e5 mulighed for at tage kontakt til Datatilsynet.<\/p>\n<p>UDGIVER<br \/>\nWebsitet ejes og publiceres af:<br \/>\nNordhus Fonden<br \/>\n\u00c5rhusgade 124A<br \/>\n2150 Nordhavn<br \/>\nMail: hej@nordhus.dk<\/p>\n\t\t\t\t\t<\/div>\n\t\t\t\t\t\t\t\t\t<\/div>\n\t\t\t\t<div class=\"sm:basis-1\/2 flex flex-col justify-between\">\n\t\t\t\t\t<div class=\"wysiwyg\" style='color:#000000;'>\n\t\t\t\t\t\t\t\t\t\t\t<\/div>\n\t\t\t\t\t\t\t\t\t<\/div>\n\t\t\t<\/div>\n\t\t<\/div>\n\t<\/div>\n<\/div>\n","protected":false},"excerpt":{"rendered":"","protected":false},"author":2,"featured_media":0,"parent":0,"menu_order":0,"comment_status":"closed","ping_status":"open","template":"","meta":{"_acf_changed":false,"footnotes":""},"class_list":["post-3","page","type-page","status-publish","hentry"],"acf":[],"yoast_head":"<!-- This site is optimized with the Yoast SEO plugin v26.9 - https:\/\/yoast.com\/product\/yoast-seo-wordpress\/ -->\n<title>Cookie- og privatlivspolitik - Nordhus<\/title>\n<meta name=\"robots\" content=\"noindex, follow, max-snippet:-1, max-image-preview:large, max-video-preview:-1\" \/>\n<meta property=\"og:locale\" content=\"en_US\" \/>\n<meta property=\"og:type\" content=\"article\" \/>\n<meta property=\"og:title\" content=\"Cookie- og privatlivspolitik - Nordhus\" \/>\n<meta property=\"og:url\" content=\"https:\/\/devnordhus.demo.supertusch.com\/cookie-og-privatlivspolitik\/\" \/>\n<meta property=\"og:site_name\" content=\"Nordhus\" \/>\n<meta property=\"article:publisher\" content=\"https:\/\/www.facebook.com\/profile.php?id=100082961870934\" \/>\n<meta property=\"article:modified_time\" content=\"2025-05-13T08:21:45+00:00\" \/>\n<meta name=\"twitter:card\" content=\"summary_large_image\" \/>\n<script type=\"application\/ld+json\" class=\"yoast-schema-graph\">{\"@context\":\"https:\/\/schema.org\",\"@graph\":[{\"@type\":\"WebPage\",\"@id\":\"https:\/\/devnordhus.demo.supertusch.com\/cookie-og-privatlivspolitik\/\",\"url\":\"https:\/\/devnordhus.demo.supertusch.com\/cookie-og-privatlivspolitik\/\",\"name\":\"Cookie- og privatlivspolitik - Nordhus\",\"isPartOf\":{\"@id\":\"https:\/\/devnordhus.demo.supertusch.com\/#website\"},\"datePublished\":\"2024-07-16T12:35:21+00:00\",\"dateModified\":\"2025-05-13T08:21:45+00:00\",\"breadcrumb\":{\"@id\":\"https:\/\/devnordhus.demo.supertusch.com\/cookie-og-privatlivspolitik\/#breadcrumb\"},\"inLanguage\":\"en-US\",\"potentialAction\":[{\"@type\":\"ReadAction\",\"target\":[\"https:\/\/devnordhus.demo.supertusch.com\/cookie-og-privatlivspolitik\/\"]}]},{\"@type\":\"BreadcrumbList\",\"@id\":\"https:\/\/devnordhus.demo.supertusch.com\/cookie-og-privatlivspolitik\/#breadcrumb\",\"itemListElement\":[{\"@type\":\"ListItem\",\"position\":1,\"name\":\"Home\",\"item\":\"https:\/\/devnordhus.demo.supertusch.com\/en\/\"},{\"@type\":\"ListItem\",\"position\":2,\"name\":\"Cookie- og privatlivspolitik\"}]},{\"@type\":\"WebSite\",\"@id\":\"https:\/\/devnordhus.demo.supertusch.com\/#website\",\"url\":\"https:\/\/devnordhus.demo.supertusch.com\/\",\"name\":\"Nordhus\",\"description\":\"\",\"publisher\":{\"@id\":\"https:\/\/devnordhus.demo.supertusch.com\/#organization\"},\"potentialAction\":[{\"@type\":\"SearchAction\",\"target\":{\"@type\":\"EntryPoint\",\"urlTemplate\":\"https:\/\/devnordhus.demo.supertusch.com\/?s={search_term_string}\"},\"query-input\":{\"@type\":\"PropertyValueSpecification\",\"valueRequired\":true,\"valueName\":\"search_term_string\"}}],\"inLanguage\":\"en-US\"},{\"@type\":\"Organization\",\"@id\":\"https:\/\/devnordhus.demo.supertusch.com\/#organization\",\"name\":\"Nordhus\",\"url\":\"https:\/\/devnordhus.demo.supertusch.com\/\",\"logo\":{\"@type\":\"ImageObject\",\"inLanguage\":\"en-US\",\"@id\":\"https:\/\/devnordhus.demo.supertusch.com\/#\/schema\/logo\/image\/\",\"url\":\"https:\/\/nordhus.dk\/wp-content\/uploads\/2024\/08\/logo-dark.svg\",\"contentUrl\":\"https:\/\/nordhus.dk\/wp-content\/uploads\/2024\/08\/logo-dark.svg\",\"width\":1400,\"height\":314,\"caption\":\"Nordhus\"},\"image\":{\"@id\":\"https:\/\/devnordhus.demo.supertusch.com\/#\/schema\/logo\/image\/\"},\"sameAs\":[\"https:\/\/www.facebook.com\/profile.php?id=100082961870934\",\"https:\/\/www.instagram.com\/nordhus_cph\/\",\"https:\/\/www.linkedin.com\/company\/nordhuscph\/\"]}]}<\/script>\n<!-- \/ Yoast SEO plugin. -->","yoast_head_json":{"title":"Cookie- og privatlivspolitik - Nordhus","robots":{"index":"noindex","follow":"follow","max-snippet":"max-snippet:-1","max-image-preview":"max-image-preview:large","max-video-preview":"max-video-preview:-1"},"og_locale":"en_US","og_type":"article","og_title":"Cookie- og privatlivspolitik - Nordhus","og_url":"https:\/\/devnordhus.demo.supertusch.com\/cookie-og-privatlivspolitik\/","og_site_name":"Nordhus","article_publisher":"https:\/\/www.facebook.com\/profile.php?id=100082961870934","article_modified_time":"2025-05-13T08:21:45+00:00","twitter_card":"summary_large_image","schema":{"@context":"https:\/\/schema.org","@graph":[{"@type":"WebPage","@id":"https:\/\/devnordhus.demo.supertusch.com\/cookie-og-privatlivspolitik\/","url":"https:\/\/devnordhus.demo.supertusch.com\/cookie-og-privatlivspolitik\/","name":"Cookie- og privatlivspolitik - Nordhus","isPartOf":{"@id":"https:\/\/devnordhus.demo.supertusch.com\/#website"},"datePublished":"2024-07-16T12:35:21+00:00","dateModified":"2025-05-13T08:21:45+00:00","breadcrumb":{"@id":"https:\/\/devnordhus.demo.supertusch.com\/cookie-og-privatlivspolitik\/#breadcrumb"},"inLanguage":"en-US","potentialAction":[{"@type":"ReadAction","target":["https:\/\/devnordhus.demo.supertusch.com\/cookie-og-privatlivspolitik\/"]}]},{"@type":"BreadcrumbList","@id":"https:\/\/devnordhus.demo.supertusch.com\/cookie-og-privatlivspolitik\/#breadcrumb","itemListElement":[{"@type":"ListItem","position":1,"name":"Home","item":"https:\/\/devnordhus.demo.supertusch.com\/en\/"},{"@type":"ListItem","position":2,"name":"Cookie- og privatlivspolitik"}]},{"@type":"WebSite","@id":"https:\/\/devnordhus.demo.supertusch.com\/#website","url":"https:\/\/devnordhus.demo.supertusch.com\/","name":"Nordhus","description":"","publisher":{"@id":"https:\/\/devnordhus.demo.supertusch.com\/#organization"},"potentialAction":[{"@type":"SearchAction","target":{"@type":"EntryPoint","urlTemplate":"https:\/\/devnordhus.demo.supertusch.com\/?s={search_term_string}"},"query-input":{"@type":"PropertyValueSpecification","valueRequired":true,"valueName":"search_term_string"}}],"inLanguage":"en-US"},{"@type":"Organization","@id":"https:\/\/devnordhus.demo.supertusch.com\/#organization","name":"Nordhus","url":"https:\/\/devnordhus.demo.supertusch.com\/","logo":{"@type":"ImageObject","inLanguage":"en-US","@id":"https:\/\/devnordhus.demo.supertusch.com\/#\/schema\/logo\/image\/","url":"https:\/\/nordhus.dk\/wp-content\/uploads\/2024\/08\/logo-dark.svg","contentUrl":"https:\/\/nordhus.dk\/wp-content\/uploads\/2024\/08\/logo-dark.svg","width":1400,"height":314,"caption":"Nordhus"},"image":{"@id":"https:\/\/devnordhus.demo.supertusch.com\/#\/schema\/logo\/image\/"},"sameAs":["https:\/\/www.facebook.com\/profile.php?id=100082961870934","https:\/\/www.instagram.com\/nordhus_cph\/","https:\/\/www.linkedin.com\/company\/nordhuscph\/"]}]}},"_links":{"self":[{"href":"https:\/\/devnordhus.demo.supertusch.com\/en\/wp-json\/wp\/v2\/pages\/3","targetHints":{"allow":["GET"]}}],"collection":[{"href":"https:\/\/devnordhus.demo.supertusch.com\/en\/wp-json\/wp\/v2\/pages"}],"about":[{"href":"https:\/\/devnordhus.demo.supertusch.com\/en\/wp-json\/wp\/v2\/types\/page"}],"author":[{"embeddable":true,"href":"https:\/\/devnordhus.demo.supertusch.com\/en\/wp-json\/wp\/v2\/users\/2"}],"replies":[{"embeddable":true,"href":"https:\/\/devnordhus.demo.supertusch.com\/en\/wp-json\/wp\/v2\/comments?post=3"}],"version-history":[{"count":10,"href":"https:\/\/devnordhus.demo.supertusch.com\/en\/wp-json\/wp\/v2\/pages\/3\/revisions"}],"predecessor-version":[{"id":4341,"href":"https:\/\/devnordhus.demo.supertusch.com\/en\/wp-json\/wp\/v2\/pages\/3\/revisions\/4341"}],"wp:attachment":[{"href":"https:\/\/devnordhus.demo.supertusch.com\/en\/wp-json\/wp\/v2\/media?parent=3"}],"curies":[{"name":"wp","href":"https:\/\/api.w.org\/{rel}","templated":true}]}}